{"id":161308,"date":"2026-03-25T17:39:33","date_gmt":"2026-03-25T16:39:33","guid":{"rendered":"https:\/\/synco.smartbase.sk\/telemetrie-logistik\/"},"modified":"2026-03-25T17:39:35","modified_gmt":"2026-03-25T16:39:35","slug":"telemetrie-logistik","status":"publish","type":"page","link":"https:\/\/synco.smartbase.sk\/de\/telemetrie-logistik\/","title":{"rendered":"Telemetrie &amp; Logistik"},"content":{"rendered":"<div class=\"wpb-content-wrapper\"><p>[vc_row unlock_row_content=&#8220;yes&#8220; row_height_percent=&#8220;0&#8243; override_padding=&#8220;yes&#8220; h_padding=&#8220;7&#8243; top_padding=&#8220;7&#8243; bottom_padding=&#8220;7&#8243; back_image=&#8220;160600&#8243; back_attachment=&#8220;inherit&#8220; back_position=&#8220;center top&#8220; overlay_alpha=&#8220;75&#8243; overlay_color_blend=&#8220;multiply&#8220; overlay_animated=&#8220;yes&#8220; overlay_animated_size=&#8220;0.7&#8243; gutter_size=&#8220;3&#8243; column_width_percent=&#8220;100&#8243; shift_y=&#8220;0&#8243; z_index=&#8220;0&#8243; bottom_divider=&#8220;gradient&#8220; css_animation=&#8220;scroll-trigger&#8220; animation_state=&#8220;end&#8220; animation_origin=&#8220;center left&#8220; animation_scale_val=&#8220;100&#8243; animation_opacity=&#8220;0&#8243; animation_x=&#8220;0&#8243; animation_y=&#8220;0&#8243; animation_blur=&#8220;0&#8243; animation_rotate=&#8220;0&#8243; animation_perspective=&#8220;0&#8243; animation_offset_top=&#8220;0&#8243; animation_offset_bottom=&#8220;86&#8243; content_parallax=&#8220;3&#8243; uncode_shortcode_id=&#8220;198138&#8243; back_color_type=&#8220;uncode-solid&#8220; overlay_color_type=&#8220;uncode-solid&#8220; overlay_color_solid=&#8220;#e4582c&#8220; back_color_solid=&#8220;#e4582c&#8220; overlay_animated_1_color_type=&#8220;uncode-solid&#8220; overlay_animated_1_color_solid=&#8220;#e4582c&#8220; overlay_animated_2_color_type=&#8220;uncode-solid&#8220; overlay_animated_2_color_solid=&#8220;#ffbd30&#8243;][vc_column column_width_percent=&#8220;100&#8243; position_vertical=&#8220;bottom&#8220; gutter_size=&#8220;4&#8243; style=&#8220;dark&#8220; overlay_alpha=&#8220;50&#8243; shift_x=&#8220;0&#8243; shift_y=&#8220;0&#8243; shift_y_down=&#8220;0&#8243; z_index=&#8220;0&#8243; medium_width=&#8220;0&#8243; mobile_width=&#8220;0&#8243; width=&#8220;1\/1&#8243; uncode_shortcode_id=&#8220;211939&#8243;][vc_row_inner row_inner_height_percent=&#8220;35&#8243; overlay_alpha=&#8220;50&#8243; gutter_size=&#8220;3&#8243; shift_y=&#8220;0&#8243; z_index=&#8220;0&#8243; limit_content=&#8220;&#8220; uncode_shortcode_id=&#8220;826822&#8243;][vc_column_inner column_width_percent=&#8220;100&#8243; position_horizontal=&#8220;left&#8220; gutter_size=&#8220;3&#8243; style=&#8220;dark&#8220; overlay_alpha=&#8220;50&#8243; shift_x=&#8220;0&#8243; shift_y=&#8220;0&#8243; shift_y_down=&#8220;0&#8243; z_index=&#8220;0&#8243; medium_width=&#8220;0&#8243; mobile_width=&#8220;0&#8243; width=&#8220;9\/12&#8243; uncode_shortcode_id=&#8220;311432&#8243;][vc_custom_heading text_font=&#8220;font-161747&#8243; text_size=&#8220;fontsize-210105&#8243; text_weight=&#8220;300&#8243; text_space=&#8220;fontspace-111509&#8243; uncode_shortcode_id=&#8220;473639&#8243;]Herausforderungen in Chancen verwandeln &#8211; Konnektivit\u00e4t[\/vc_custom_heading][vc_column_text uncode_shortcode_id=&#8220;104140&#8243;]Ein umfassender Ansatz f\u00fcr Logistik- und GPS-Telemetriesysteme[\/vc_column_text][\/vc_column_inner][\/vc_row_inner][vc_separator sep_color=&#8220;&#8220; full_width=&#8220;yes&#8220; uncode_shortcode_id=&#8220;105882&#8243;][\/vc_column][\/vc_row][vc_row unlock_row_content=&#8220;yes&#8220; row_height_percent=&#8220;0&#8243; override_padding=&#8220;yes&#8220; h_padding=&#8220;7&#8243; top_padding=&#8220;5&#8243; bottom_padding=&#8220;1&#8243; overlay_alpha=&#8220;50&#8243; equal_height=&#8220;yes&#8220; gutter_size=&#8220;5&#8243; column_width_percent=&#8220;100&#8243; shift_y=&#8220;0&#8243; z_index=&#8220;0&#8243; content_parallax=&#8220;0&#8243; uncode_shortcode_id=&#8220;119092&#8243; back_color_type=&#8220;uncode-solid&#8220; back_color_solid=&#8220;#ffffff&#8220;][vc_column column_width_percent=&#8220;100&#8243; position_vertical=&#8220;justify&#8220; align_horizontal=&#8220;align_center&#8220; gutter_size=&#8220;4&#8243; overlay_alpha=&#8220;50&#8243; shift_x=&#8220;0&#8243; shift_y=&#8220;0&#8243; shift_y_down=&#8220;0&#8243; z_index=&#8220;0&#8243; medium_width=&#8220;0&#8243; mobile_width=&#8220;0&#8243; width=&#8220;1\/2&#8243; uncode_shortcode_id=&#8220;198422&#8243;][vc_row_inner row_inner_height_percent=&#8220;0&#8243; overlay_alpha=&#8220;50&#8243; gutter_size=&#8220;4&#8243; shift_y=&#8220;0&#8243; z_index=&#8220;0&#8243; limit_content=&#8220;&#8220; uncode_shortcode_id=&#8220;159005&#8243;][vc_column_inner column_width_percent=&#8220;100&#8243; gutter_size=&#8220;3&#8243; overlay_alpha=&#8220;50&#8243; shift_x=&#8220;0&#8243; shift_y=&#8220;0&#8243; shift_y_down=&#8220;0&#8243; z_index=&#8220;0&#8243; medium_width=&#8220;0&#8243; mobile_width=&#8220;0&#8243; width=&#8220;1\/1&#8243; uncode_shortcode_id=&#8220;187117&#8243;][vc_custom_heading heading_semantic=&#8220;h4&#8243; text_font=&#8220;font-161747&#8243; text_weight=&#8220;300&#8243; text_height=&#8220;fontheight-357766&#8243; text_space=&#8220;fontspace-111509&#8243; uncode_shortcode_id=&#8220;133593&#8243;]Der Bereich Logistik &amp; Telemetrie der SynCo-Gruppe vereint strategisch vier Unternehmen zur Integration der Wertsch\u00f6pfungskette. Zu den Unternehmen geh\u00f6ren eine GPS-Telematik- und Fahrzeug\u00fcberwachungsplattform, Logistik und B\u00fcror\u00e4ume, st\u00e4dtischer Vertrieb sowie spezialisierte Technologiesiegel und Polymerprodukte.[\/vc_custom_heading][\/vc_column_inner][\/vc_row_inner][\/vc_column][vc_column column_width_percent=&#8220;100&#8243; gutter_size=&#8220;3&#8243; style=&#8220;dark&#8220; overlay_alpha=&#8220;50&#8243; shift_x=&#8220;0&#8243; shift_y=&#8220;0&#8243; shift_y_down=&#8220;0&#8243; z_index=&#8220;0&#8243; medium_visibility=&#8220;yes&#8220; medium_width=&#8220;0&#8243; mobile_visibility=&#8220;yes&#8220; mobile_width=&#8220;0&#8243; width=&#8220;1\/2&#8243; uncode_shortcode_id=&#8220;803921&#8243;][vc_single_image media=&#8220;161293&#8243; media_width_percent=&#8220;100&#8243; media_ratio=&#8220;five-four&#8220; shape=&#8220;img-round&#8220; radius=&#8220;lg&#8220; advanced=&#8220;yes&#8220; media_overlay_opacity=&#8220;50&#8243; media_overlay_anim=&#8220;no&#8220; media_text_anim=&#8220;no&#8220; media_image_anim=&#8220;scroll&#8220; media_image_scroll=&#8220;zoom&#8220; media_image_scroll_val=&#8220;6&#8243; media_padding=&#8220;2&#8243; uncode_shortcode_id=&#8220;174898&#8243;][\/vc_column][\/vc_row][vc_row unlock_row_content=&#8220;yes&#8220; row_height_percent=&#8220;0&#8243; override_padding=&#8220;yes&#8220; h_padding=&#8220;0&#8243; top_padding=&#8220;4&#8243; bottom_padding=&#8220;5&#8243; overlay_alpha=&#8220;50&#8243; gutter_size=&#8220;3&#8243; column_width_percent=&#8220;100&#8243; shift_y=&#8220;0&#8243; z_index=&#8220;0&#8243; content_parallax=&#8220;0&#8243; uncode_shortcode_id=&#8220;104636&#8243; back_color_type=&#8220;uncode-solid&#8220; back_color_solid=&#8220;#ffffff&#8220;][vc_column column_width_percent=&#8220;100&#8243; position_vertical=&#8220;middle&#8220; align_horizontal=&#8220;align_center&#8220; gutter_size=&#8220;4&#8243; overlay_alpha=&#8220;50&#8243; shift_x=&#8220;0&#8243; shift_y=&#8220;0&#8243; shift_y_down=&#8220;0&#8243; z_index=&#8220;0&#8243; medium_width=&#8220;0&#8243; mobile_width=&#8220;0&#8243; width=&#8220;1\/1&#8243; uncode_shortcode_id=&#8220;634685&#8243;][vc_empty_space empty_h=&#8220;1&#8243;][vc_custom_heading heading_semantic=&#8220;h3&#8243; text_font=&#8220;font-161747&#8243; text_size=&#8220;fontsize-210105&#8243; text_weight=&#8220;300&#8243; text_space=&#8220;fontspace-111509&#8243; uncode_shortcode_id=&#8220;100226&#8243;]Entdecken Sie unsere Logistik- und Telemetrieabteilung[\/vc_custom_heading][vc_gallery el_id=&#8220;gallery-213396&#8243; type=&#8220;linear&#8220; medias=&#8220;161240,161216,161217,161298&#8243; gutter_size=&#8220;6&#8243; linear_width=&#8220;clamp(100px, 24vw, 200px)&#8220; linear_speed=&#8220;0&#8243; linear_hover=&#8220;yes&#8220; draggable=&#8220;yes&#8220; marquee_freeze=&#8220;yes&#8220; media_items=&#8220;media|custom_link|original&#8220; single_overlay_opacity=&#8220;1&#8243; single_overlay_anim=&#8220;no&#8220; single_text_anim=&#8220;no&#8220; single_image_coloration=&#8220;desaturated&#8220; single_image_color_anim=&#8220;yes&#8220; single_padding=&#8220;2&#8243; single_border=&#8220;yes&#8220; uncode_shortcode_id=&#8220;100552&#8243; single_link=&#8220;url:%23&#8243; items=&#8220;eyIxNTkyNTFfaSI6eyJzaW5nbGVfb3ZlcmxheV9jb2xvciI6IiIsInNpbmdsZV9pbWFnZV9jb2xvcmF0aW9uIjoiZGVzYXR1cmF0ZWQiLCJzaW5nbGVfbGluayI6InVybDpodHRwczovL2V1cm93aW5kZW5lcmd5LmNvbS98dGFyZ2V0Ol9ibGFuayIsInNpbmdsZV9vdmVybGF5X2FuaW0iOiJ5ZXMifSwiMTU5MjUwX2kiOnsic2luZ2xlX2ltYWdlX2NvbG9yYXRpb24iOiJkZXNhdHVyYXRlZCJ9LCIxNTkyNzJfaSI6eyJzaW5nbGVfaW1hZ2VfY29sb3JhdGlvbiI6ImRlc2F0dXJhdGVkIiwic2luZ2xlX2xpbmsiOiJ1cmw6aHR0cHM6Ly93d3cuYXF1YXN0YXYuc2svfHRhcmdldDpfYmxhbmsifSwiMTU5MjczX2kiOnsic2luZ2xlX2ltYWdlX2NvbG9yYXRpb24iOiJkZXNhdHVyYXRlZCJ9LCIxNTkyNzRfaSI6eyJzaW5nbGVfaW1hZ2VfY29sb3JhdGlvbiI6ImRlc2F0dXJhdGVkIn0sIjE1OTI3NV9pIjp7InNpbmdsZV9pbWFnZV9jb2xvcmF0aW9uIjoiZGVzYXR1cmF0ZWQifSwiMTU5Mjc2X2kiOnsic2luZ2xlX2ltYWdlX2NvbG9yYXRpb24iOiJkZXNhdHVyYXRlZCJ9LCIxNTkyNzdfaSI6eyJzaW5nbGVfaW1hZ2VfY29sb3JhdGlvbiI6ImRlc2F0dXJhdGVkIn0sIjE1OTI3OF9pIjp7InNpbmdsZV9pbWFnZV9jb2xvcmF0aW9uIjoiZGVzYXR1cmF0ZWQifSwiMTU5Mjc5X2kiOnsic2luZ2xlX2ltYWdlX2NvbG9yYXRpb24iOiJkZXNhdHVyYXRlZCJ9LCIxNTkyODBfaSI6eyJzaW5nbGVfaW1hZ2VfY29sb3JhdGlvbiI6ImRlc2F0dXJhdGVkIn0sIjE1OTI4MV9pIjp7InNpbmdsZV9pbWFnZV9jb2xvcmF0aW9uIjoiZGVzYXR1cmF0ZWQifSwiMTU5MjgyX2kiOnsic2luZ2xlX2ltYWdlX2NvbG9yYXRpb24iOiJkZXNhdHVyYXRlZCIsInNpbmdsZV9saW5rIjoidXJsOmh0dHBzOi8vZW52aXJvbi1lY3Muc2svIiwic2luZ2xlX2xheW91dF9tZWRpYV9pdGVtcyI6Im1lZGlhfGxpZ2h0Ym94fG9yaWdpbmFsIiwic2luZ2xlX292ZXJsYXlfdmlzaWJsZSI6Im5vIiwic2luZ2xlX2ltYWdlX2NvbG9yX2FuaW0iOiJ5ZXMiLCJzaW5nbGVfaW1hZ2VfYW5pbSI6InllcyIsInNpbmdsZV9pY29uIjoiIiwic2luZ2xlX292ZXJsYXlfYW5pbSI6InllcyIsInNpbmdsZV9vdmVybGF5X29wYWNpdHkiOiIxIn0sIjE2MDUxM19pIjp7InNpbmdsZV9saW5rIjoidXJsOmh0dHBzOi8vc2FmZWNsaWNrLnNrIn0sIjE2MDI1MV9pIjp7InNpbmdsZV9saW5rIjoidXJsOmh0dHBzOi8vaW5mb2Nhci5zay9ncHMtbW9uaXRvcmluZy12b3ppZGllbC8ifX0=&#8220;][vc_empty_space empty_h=&#8220;2&#8243;][\/vc_column][\/vc_row][vc_row unlock_row_content=&#8220;yes&#8220; row_height_percent=&#8220;0&#8243; override_padding=&#8220;yes&#8220; h_padding=&#8220;7&#8243; top_padding=&#8220;1&#8243; bottom_padding=&#8220;5&#8243; overlay_alpha=&#8220;50&#8243; gutter_size=&#8220;3&#8243; column_width_percent=&#8220;100&#8243; shift_y=&#8220;0&#8243; z_index=&#8220;0&#8243; content_parallax=&#8220;0&#8243; uncode_shortcode_id=&#8220;962326&#8243;][vc_column column_width_percent=&#8220;100&#8243; gutter_size=&#8220;4&#8243; overlay_alpha=&#8220;50&#8243; shift_x=&#8220;0&#8243; shift_y=&#8220;0&#8243; shift_y_down=&#8220;0&#8243; z_index=&#8220;0&#8243; medium_width=&#8220;0&#8243; mobile_width=&#8220;0&#8243; width=&#8220;1\/1&#8243; uncode_shortcode_id=&#8220;730276&#8243;][vc_row_inner row_inner_height_percent=&#8220;0&#8243; overlay_alpha=&#8220;50&#8243; gutter_size=&#8220;3&#8243; shift_y=&#8220;0&#8243; z_index=&#8220;0&#8243; limit_content=&#8220;&#8220; uncode_shortcode_id=&#8220;193351&#8243;][vc_column_inner column_width_percent=&#8220;100&#8243; gutter_size=&#8220;3&#8243; overlay_alpha=&#8220;50&#8243; shift_x=&#8220;0&#8243; shift_y=&#8220;0&#8243; shift_y_down=&#8220;0&#8243; z_index=&#8220;0&#8243; medium_width=&#8220;0&#8243; mobile_width=&#8220;0&#8243; width=&#8220;9\/12&#8243; uncode_shortcode_id=&#8220;187117&#8243;][vc_custom_heading heading_semantic=&#8220;h3&#8243; text_font=&#8220;font-161747&#8243; text_size=&#8220;fontsize-210105&#8243; text_weight=&#8220;300&#8243; text_space=&#8220;fontspace-111509&#8243; uncode_shortcode_id=&#8220;832622&#8243;]Wir k\u00fcmmern uns um die Zukunft der Logistik, die Entwicklung der Fahrzeugtelemetrie[\/vc_custom_heading][\/vc_column_inner][vc_column_inner column_width_percent=&#8220;100&#8243; gutter_size=&#8220;3&#8243; overlay_alpha=&#8220;50&#8243; shift_x=&#8220;0&#8243; shift_y=&#8220;0&#8243; shift_y_down=&#8220;0&#8243; z_index=&#8220;0&#8243; medium_visibility=&#8220;yes&#8220; medium_width=&#8220;0&#8243; mobile_visibility=&#8220;yes&#8220; mobile_width=&#8220;0&#8243; width=&#8220;3\/12&#8243; uncode_shortcode_id=&#8220;839053&#8243;][\/vc_column_inner][\/vc_row_inner][vc_row_inner row_inner_height_percent=&#8220;0&#8243; overlay_alpha=&#8220;50&#8243; gutter_size=&#8220;4&#8243; shift_y=&#8220;0&#8243; z_index=&#8220;0&#8243; limit_content=&#8220;&#8220; uncode_shortcode_id=&#8220;870065&#8243;][vc_column_inner column_width_percent=&#8220;100&#8243; align_horizontal=&#8220;align_right&#8220; gutter_size=&#8220;3&#8243; overlay_alpha=&#8220;50&#8243; shift_x=&#8220;0&#8243; shift_y=&#8220;0&#8243; shift_y_down=&#8220;0&#8243; z_index=&#8220;0&#8243; medium_width=&#8220;0&#8243; mobile_width=&#8220;0&#8243; width=&#8220;1\/1&#8243; uncode_shortcode_id=&#8220;144795&#8243;][vc_separator sep_color=&#8220;&#8220; uncode_shortcode_id=&#8220;711625&#8243;][\/vc_column_inner][\/vc_row_inner][vc_row_inner row_inner_height_percent=&#8220;0&#8243; overlay_alpha=&#8220;50&#8243; gutter_size=&#8220;4&#8243; shift_y=&#8220;0&#8243; z_index=&#8220;0&#8243; limit_content=&#8220;&#8220; uncode_shortcode_id=&#8220;870065&#8243;][vc_column_inner column_width_percent=&#8220;100&#8243; gutter_size=&#8220;5&#8243; overlay_alpha=&#8220;50&#8243; shift_x=&#8220;0&#8243; shift_y=&#8220;0&#8243; shift_y_down=&#8220;0&#8243; z_index=&#8220;0&#8243; medium_width=&#8220;0&#8243; mobile_width=&#8220;0&#8243; width=&#8220;2\/12&#8243; uncode_shortcode_id=&#8220;659586&#8243;][vc_single_image media=&#8220;161294&#8243; media_width_use_pixel=&#8220;yes&#8220; uncode_shortcode_id=&#8220;207235&#8243; media_width_pixel=&#8220;80&#8243;][\/vc_column_inner][vc_column_inner width=&#8220;4\/12&#8243;][vc_custom_heading heading_semantic=&#8220;h3&#8243; text_font=&#8220;font-161747&#8243; text_size=&#8220;h1&#8243; text_weight=&#8220;300&#8243; text_height=&#8220;fontheight-357766&#8243; text_space=&#8220;fontspace-111509&#8243; uncode_shortcode_id=&#8220;159796&#8243;]GPS-\u00dcberwachung[\/vc_custom_heading][\/vc_column_inner][vc_column_inner column_width_percent=&#8220;100&#8243; gutter_size=&#8220;3&#8243; overlay_alpha=&#8220;50&#8243; shift_x=&#8220;0&#8243; shift_y=&#8220;0&#8243; shift_y_down=&#8220;0&#8243; z_index=&#8220;0&#8243; medium_width=&#8220;0&#8243; mobile_width=&#8220;0&#8243; width=&#8220;6\/12&#8243; uncode_shortcode_id=&#8220;187117&#8243;][vc_custom_heading text_color=&#8220;color-wvjs&#8220; heading_semantic=&#8220;p&#8220; text_font=&#8220;font-161747&#8243; text_size=&#8220;h4&#8243; text_weight=&#8220;300&#8243; text_height=&#8220;fontheight-524109&#8243; text_space=&#8220;fontspace-111509&#8243; uncode_shortcode_id=&#8220;108207&#8243; text_color_type=&#8220;uncode-palette&#8220;]Seit 1999 haben wir mehr als 45.000 Telematikger\u00e4te mit einzigartigen elektrischen Fahrtenb\u00fcchern installiert.[\/vc_custom_heading][\/vc_column_inner][\/vc_row_inner][vc_separator sep_color=&#8220;&#8220; uncode_shortcode_id=&#8220;711625&#8243;][vc_row_inner row_inner_height_percent=&#8220;0&#8243; overlay_alpha=&#8220;50&#8243; gutter_size=&#8220;4&#8243; shift_y=&#8220;0&#8243; z_index=&#8220;0&#8243; limit_content=&#8220;&#8220; uncode_shortcode_id=&#8220;870065&#8243;][vc_column_inner column_width_percent=&#8220;100&#8243; gutter_size=&#8220;5&#8243; overlay_alpha=&#8220;50&#8243; shift_x=&#8220;0&#8243; shift_y=&#8220;0&#8243; shift_y_down=&#8220;0&#8243; z_index=&#8220;0&#8243; medium_width=&#8220;0&#8243; mobile_width=&#8220;0&#8243; width=&#8220;2\/12&#8243; uncode_shortcode_id=&#8220;659586&#8243;][vc_single_image media=&#8220;161295&#8243; media_width_use_pixel=&#8220;yes&#8220; uncode_shortcode_id=&#8220;370091&#8243; media_width_pixel=&#8220;90&#8243;][\/vc_column_inner][vc_column_inner width=&#8220;4\/12&#8243;][vc_custom_heading heading_semantic=&#8220;h3&#8243; text_font=&#8220;font-161747&#8243; text_size=&#8220;h1&#8243; text_weight=&#8220;300&#8243; text_height=&#8220;fontheight-357766&#8243; text_space=&#8220;fontspace-111509&#8243; uncode_shortcode_id=&#8220;850975&#8243;]\u00dcberwachung der Handhabungstechnik[\/vc_custom_heading][\/vc_column_inner][vc_column_inner column_width_percent=&#8220;100&#8243; gutter_size=&#8220;3&#8243; overlay_alpha=&#8220;50&#8243; shift_x=&#8220;0&#8243; shift_y=&#8220;0&#8243; shift_y_down=&#8220;0&#8243; z_index=&#8220;0&#8243; medium_width=&#8220;0&#8243; mobile_width=&#8220;0&#8243; width=&#8220;6\/12&#8243; uncode_shortcode_id=&#8220;187117&#8243;][vc_custom_heading text_color=&#8220;color-wvjs&#8220; heading_semantic=&#8220;p&#8220; text_font=&#8220;font-161747&#8243; text_size=&#8220;h4&#8243; text_weight=&#8220;300&#8243; text_height=&#8220;fontheight-524109&#8243; text_space=&#8220;fontspace-111509&#8243; uncode_shortcode_id=&#8220;829407&#8243; text_color_type=&#8220;uncode-palette&#8220;]Wir haben maniTech als System f\u00fcr Lkw verschiedener Hersteller und Typen geschaffen, die von einem umfassenden System \u00fcberwacht werden k\u00f6nnen.[\/vc_custom_heading][\/vc_column_inner][\/vc_row_inner][vc_separator sep_color=&#8220;&#8220; uncode_shortcode_id=&#8220;711625&#8243;][vc_row_inner row_inner_height_percent=&#8220;0&#8243; overlay_alpha=&#8220;50&#8243; gutter_size=&#8220;4&#8243; shift_y=&#8220;0&#8243; z_index=&#8220;0&#8243; limit_content=&#8220;&#8220; uncode_shortcode_id=&#8220;870065&#8243;][vc_column_inner column_width_percent=&#8220;100&#8243; gutter_size=&#8220;5&#8243; overlay_alpha=&#8220;50&#8243; shift_x=&#8220;0&#8243; shift_y=&#8220;0&#8243; shift_y_down=&#8220;0&#8243; z_index=&#8220;0&#8243; medium_width=&#8220;0&#8243; mobile_width=&#8220;0&#8243; width=&#8220;2\/12&#8243; uncode_shortcode_id=&#8220;659586&#8243;][vc_single_image media=&#8220;161296&#8243; media_width_use_pixel=&#8220;yes&#8220; uncode_shortcode_id=&#8220;879583&#8243; media_width_pixel=&#8220;80&#8243;][\/vc_column_inner][vc_column_inner width=&#8220;4\/12&#8243;][vc_custom_heading heading_semantic=&#8220;h3&#8243; text_font=&#8220;font-161747&#8243; text_size=&#8220;h1&#8243; text_weight=&#8220;300&#8243; text_height=&#8220;fontheight-357766&#8243; text_space=&#8220;fontspace-111509&#8243; uncode_shortcode_id=&#8220;765244&#8243;]Gewerbliche R\u00e4ume[\/vc_custom_heading][\/vc_column_inner][vc_column_inner column_width_percent=&#8220;100&#8243; gutter_size=&#8220;3&#8243; overlay_alpha=&#8220;50&#8243; shift_x=&#8220;0&#8243; shift_y=&#8220;0&#8243; shift_y_down=&#8220;0&#8243; z_index=&#8220;0&#8243; medium_width=&#8220;0&#8243; mobile_width=&#8220;0&#8243; width=&#8220;6\/12&#8243; uncode_shortcode_id=&#8220;187117&#8243;][vc_custom_heading text_color=&#8220;color-wvjs&#8220; heading_semantic=&#8220;p&#8220; text_font=&#8220;font-161747&#8243; text_size=&#8220;h4&#8243; text_weight=&#8220;300&#8243; text_height=&#8220;fontheight-524109&#8243; text_space=&#8220;fontspace-111509&#8243; uncode_shortcode_id=&#8220;399899&#8243; text_color_type=&#8220;uncode-palette&#8220;]Wir verwalten ~15 000 m2 Fl\u00e4che f\u00fcr Logistikdienstleistungen, B\u00fcro- und Lagerfl\u00e4chen.[\/vc_custom_heading][\/vc_column_inner][\/vc_row_inner][vc_separator sep_color=&#8220;&#8220; uncode_shortcode_id=&#8220;711625&#8243;][vc_row_inner row_inner_height_percent=&#8220;0&#8243; overlay_alpha=&#8220;50&#8243; gutter_size=&#8220;4&#8243; shift_y=&#8220;0&#8243; z_index=&#8220;0&#8243; limit_content=&#8220;&#8220; uncode_shortcode_id=&#8220;870065&#8243;][vc_column_inner column_width_percent=&#8220;100&#8243; gutter_size=&#8220;5&#8243; overlay_alpha=&#8220;50&#8243; shift_x=&#8220;0&#8243; shift_y=&#8220;0&#8243; shift_y_down=&#8220;0&#8243; z_index=&#8220;0&#8243; medium_width=&#8220;0&#8243; mobile_width=&#8220;0&#8243; width=&#8220;2\/12&#8243; uncode_shortcode_id=&#8220;659586&#8243;][vc_single_image media=&#8220;161297&#8243; media_width_use_pixel=&#8220;yes&#8220; uncode_shortcode_id=&#8220;682984&#8243; media_width_pixel=&#8220;80&#8243;][\/vc_column_inner][vc_column_inner width=&#8220;4\/12&#8243;][vc_custom_heading heading_semantic=&#8220;h3&#8243; text_font=&#8220;font-161747&#8243; text_size=&#8220;h1&#8243; text_weight=&#8220;300&#8243; text_height=&#8220;fontheight-357766&#8243; text_space=&#8220;fontspace-111509&#8243; uncode_shortcode_id=&#8220;833576&#8243;]Innovative Sicherheitssiegel[\/vc_custom_heading][\/vc_column_inner][vc_column_inner column_width_percent=&#8220;100&#8243; gutter_size=&#8220;3&#8243; overlay_alpha=&#8220;50&#8243; shift_x=&#8220;0&#8243; shift_y=&#8220;0&#8243; shift_y_down=&#8220;0&#8243; z_index=&#8220;0&#8243; medium_width=&#8220;0&#8243; mobile_width=&#8220;0&#8243; width=&#8220;6\/12&#8243; uncode_shortcode_id=&#8220;187117&#8243;][vc_custom_heading text_color=&#8220;color-wvjs&#8220; heading_semantic=&#8220;p&#8220; text_font=&#8220;font-161747&#8243; text_size=&#8220;h4&#8243; text_weight=&#8220;300&#8243; text_height=&#8220;fontheight-524109&#8243; text_space=&#8220;fontspace-111509&#8243; uncode_shortcode_id=&#8220;120516&#8243; text_color_type=&#8220;uncode-palette&#8220;]Wir entwickeln innovative Re-Box-Versandkartons mit einzigartigen bedruckten Siegeln und RFID-Chips f\u00fcr die Sicherheit der Sendung w\u00e4hrend des Transports.[\/vc_custom_heading][\/vc_column_inner][\/vc_row_inner][\/vc_column][\/vc_row][vc_row row_height_percent=&#8220;0&#8243; override_padding=&#8220;yes&#8220; h_padding=&#8220;2&#8243; top_padding=&#8220;5&#8243; bottom_padding=&#8220;0&#8243; overlay_alpha=&#8220;50&#8243; gutter_size=&#8220;3&#8243; column_width_percent=&#8220;100&#8243; shift_y=&#8220;0&#8243; z_index=&#8220;0&#8243; css_animation=&#8220;scroll-trigger&#8220; animation_scale_val=&#8220;100&#8243; animation_opacity=&#8220;100&#8243; animation_x=&#8220;-35&#8243; animation_y=&#8220;0&#8243; animation_blur=&#8220;0&#8243; animation_perspective=&#8220;0&#8243; animation_offset_top=&#8220;100&#8243; animation_offset_bottom=&#8220;200&#8243; content_parallax=&#8220;0&#8243; uncode_shortcode_id=&#8220;572685&#8243;][vc_column column_width_percent=&#8220;100&#8243; position_vertical=&#8220;middle&#8220; align_horizontal=&#8220;align_center&#8220; gutter_size=&#8220;4&#8243; overlay_alpha=&#8220;50&#8243; shift_x=&#8220;0&#8243; shift_y=&#8220;0&#8243; shift_y_down=&#8220;0&#8243; z_index=&#8220;0&#8243; medium_width=&#8220;0&#8243; mobile_width=&#8220;0&#8243; width=&#8220;1\/1&#8243; uncode_shortcode_id=&#8220;397149&#8243;][vc_gallery el_id=&#8220;gallery-186704&#8243; type=&#8220;carousel&#8220; medias=&#8220;161299,161300,161301,161302,161303,161304,161305,161306,161307&#8243; carousel_lg=&#8220;2&#8243; carousel_md=&#8220;2&#8243; carousel_sm=&#8220;1&#8243; thumb_size=&#8220;three-two&#8220; gutter_size=&#8220;2&#8243; media_items=&#8220;media|nolink|original,icon&#8220; carousel_interval=&#8220;0&#8243; carousel_navspeed=&#8220;400&#8243; carousel_loop=&#8220;yes&#8220; carousel_overflow=&#8220;yes&#8220; stage_padding=&#8220;0&#8243; single_shape=&#8220;round&#8220; radius=&#8220;lg&#8220; single_overlay_opacity=&#8220;50&#8243; single_overlay_anim=&#8220;no&#8220; single_text_anim=&#8220;no&#8220; single_image_anim=&#8220;no&#8220; single_padding=&#8220;2&#8243; single_border=&#8220;yes&#8220; custom_cursor=&#8220;blur&#8220; cursor_title=&#8220;yes&#8220; hide_cursor_bg=&#8220;yes&#8220; uncode_shortcode_id=&#8220;740512&#8243; custom_tooltip=&#8220;DRAG&#8220; tooltip_class=&#8220;h6 fontheight-357766 font-787672&#8243;][\/vc_column][\/vc_row][vc_row][vc_column width=&#8220;1\/1&#8243;][vc_empty_space empty_h=&#8220;4&#8243;][wpvr_virtual_tour id=&#8220;160917&#8243; width_value=&#8220;100&#8243; width_unit=&#8220;%&#8220; height_value=&#8220;550&#8243; height_secondary_value=&#8220;300&#8243;][\/vc_column][\/vc_row]<\/p>\n<\/div>","protected":false},"excerpt":{"rendered":"<p>[vc_row unlock_row_content=&#8220;yes&#8220; row_height_percent=&#8220;0&#8243; override_padding=&#8220;yes&#8220; h_padding=&#8220;7&#8243; top_padding=&#8220;7&#8243; bottom_padding=&#8220;7&#8243; back_image=&#8220;160600&#8243; back_attachment=&#8220;inherit&#8220; back_position=&#8220;center top&#8220; overlay_alpha=&#8220;75&#8243; overlay_color_blend=&#8220;multiply&#8220; overlay_animated=&#8220;yes&#8220; overlay_animated_size=&#8220;0.7&#8243; gutter_size=&#8220;3&#8243; column_width_percent=&#8220;100&#8243; shift_y=&#8220;0&#8243; z_index=&#8220;0&#8243; bottom_divider=&#8220;gradient&#8220; [&hellip;]<\/p>\n","protected":false},"author":1,"featured_media":0,"parent":0,"menu_order":0,"comment_status":"closed","ping_status":"closed","template":"","meta":{"footnotes":""},"class_list":["post-161308","page","type-page","status-publish","hentry"],"_links":{"self":[{"href":"https:\/\/synco.smartbase.sk\/de\/wp-json\/wp\/v2\/pages\/161308","targetHints":{"allow":["GET"]}}],"collection":[{"href":"https:\/\/synco.smartbase.sk\/de\/wp-json\/wp\/v2\/pages"}],"about":[{"href":"https:\/\/synco.smartbase.sk\/de\/wp-json\/wp\/v2\/types\/page"}],"author":[{"embeddable":true,"href":"https:\/\/synco.smartbase.sk\/de\/wp-json\/wp\/v2\/users\/1"}],"replies":[{"embeddable":true,"href":"https:\/\/synco.smartbase.sk\/de\/wp-json\/wp\/v2\/comments?post=161308"}],"version-history":[{"count":3,"href":"https:\/\/synco.smartbase.sk\/de\/wp-json\/wp\/v2\/pages\/161308\/revisions"}],"predecessor-version":[{"id":161319,"href":"https:\/\/synco.smartbase.sk\/de\/wp-json\/wp\/v2\/pages\/161308\/revisions\/161319"}],"wp:attachment":[{"href":"https:\/\/synco.smartbase.sk\/de\/wp-json\/wp\/v2\/media?parent=161308"}],"curies":[{"name":"wp","href":"https:\/\/api.w.org\/{rel}","templated":true}]}}