{"id":161356,"date":"2026-03-25T17:40:36","date_gmt":"2026-03-25T16:40:36","guid":{"rendered":"https:\/\/synco.smartbase.sk\/forschung-entwicklung\/"},"modified":"2026-03-25T17:40:52","modified_gmt":"2026-03-25T16:40:52","slug":"forschung-entwicklung","status":"publish","type":"page","link":"https:\/\/synco.smartbase.sk\/de\/forschung-entwicklung\/","title":{"rendered":"Forschung &amp; Entwicklung"},"content":{"rendered":"<div class=\"wpb-content-wrapper\"><p>[vc_row unlock_row_content=&#8220;yes&#8220; row_height_percent=&#8220;0&#8243; override_padding=&#8220;yes&#8220; h_padding=&#8220;7&#8243; top_padding=&#8220;7&#8243; bottom_padding=&#8220;7&#8243; back_image=&#8220;160411&#8243; back_attachment=&#8220;inherit&#8220; back_position=&#8220;center top&#8220; overlay_alpha=&#8220;75&#8243; overlay_color_blend=&#8220;multiply&#8220; overlay_animated=&#8220;yes&#8220; overlay_animated_size=&#8220;0.7&#8243; gutter_size=&#8220;3&#8243; column_width_percent=&#8220;100&#8243; shift_y=&#8220;0&#8243; z_index=&#8220;0&#8243; bottom_divider=&#8220;gradient&#8220; css_animation=&#8220;scroll-trigger&#8220; animation_state=&#8220;end&#8220; animation_origin=&#8220;center left&#8220; animation_scale_val=&#8220;100&#8243; animation_opacity=&#8220;0&#8243; animation_x=&#8220;0&#8243; animation_y=&#8220;0&#8243; animation_blur=&#8220;0&#8243; animation_rotate=&#8220;0&#8243; animation_perspective=&#8220;0&#8243; animation_offset_top=&#8220;0&#8243; animation_offset_bottom=&#8220;86&#8243; content_parallax=&#8220;3&#8243; uncode_shortcode_id=&#8220;530687&#8243; back_color_type=&#8220;uncode-solid&#8220; overlay_color_type=&#8220;uncode-solid&#8220; overlay_color_solid=&#8220;#d86329&#8243; back_color_solid=&#8220;#fdbb41&#8243; overlay_animated_1_color_type=&#8220;uncode-solid&#8220; overlay_animated_1_color_solid=&#8220;#fdbb41&#8243; overlay_animated_2_color_type=&#8220;uncode-solid&#8220; overlay_animated_2_color_solid=&#8220;#fff4b7&#8243;][vc_column column_width_percent=&#8220;100&#8243; position_vertical=&#8220;bottom&#8220; gutter_size=&#8220;4&#8243; style=&#8220;dark&#8220; overlay_alpha=&#8220;50&#8243; shift_x=&#8220;0&#8243; shift_y=&#8220;0&#8243; shift_y_down=&#8220;0&#8243; z_index=&#8220;0&#8243; medium_width=&#8220;0&#8243; mobile_width=&#8220;0&#8243; width=&#8220;1\/1&#8243; uncode_shortcode_id=&#8220;211939&#8243;][vc_row_inner row_inner_height_percent=&#8220;35&#8243; overlay_alpha=&#8220;50&#8243; gutter_size=&#8220;3&#8243; shift_y=&#8220;0&#8243; z_index=&#8220;0&#8243; limit_content=&#8220;&#8220; uncode_shortcode_id=&#8220;826822&#8243;][vc_column_inner column_width_percent=&#8220;100&#8243; position_horizontal=&#8220;left&#8220; gutter_size=&#8220;3&#8243; style=&#8220;dark&#8220; overlay_alpha=&#8220;50&#8243; shift_x=&#8220;0&#8243; shift_y=&#8220;0&#8243; shift_y_down=&#8220;0&#8243; z_index=&#8220;0&#8243; medium_width=&#8220;0&#8243; mobile_width=&#8220;0&#8243; width=&#8220;9\/12&#8243; uncode_shortcode_id=&#8220;311432&#8243;][vc_custom_heading text_font=&#8220;font-161747&#8243; text_size=&#8220;fontsize-210105&#8243; text_weight=&#8220;300&#8243; text_space=&#8220;fontspace-111509&#8243; uncode_shortcode_id=&#8220;147492&#8243;]Herausforderungen in Chancen verwandeln &#8211; die Materialien der Zukunft[\/vc_custom_heading][vc_column_text uncode_shortcode_id=&#8220;112422&#8243;]Wir verbinden Laborforschung mit Produktionsprototypen &#8211; um Forschung in echte Produkte zu verwandeln[\/vc_column_text][\/vc_column_inner][\/vc_row_inner][vc_separator sep_color=&#8220;&#8220; full_width=&#8220;yes&#8220; uncode_shortcode_id=&#8220;105882&#8243;][\/vc_column][\/vc_row][vc_row unlock_row_content=&#8220;yes&#8220; row_height_percent=&#8220;0&#8243; override_padding=&#8220;yes&#8220; h_padding=&#8220;7&#8243; top_padding=&#8220;5&#8243; bottom_padding=&#8220;1&#8243; overlay_alpha=&#8220;50&#8243; equal_height=&#8220;yes&#8220; gutter_size=&#8220;5&#8243; column_width_percent=&#8220;100&#8243; shift_y=&#8220;0&#8243; z_index=&#8220;0&#8243; content_parallax=&#8220;0&#8243; uncode_shortcode_id=&#8220;119092&#8243; back_color_type=&#8220;uncode-solid&#8220; back_color_solid=&#8220;#ffffff&#8220;][vc_column column_width_percent=&#8220;100&#8243; position_vertical=&#8220;justify&#8220; align_horizontal=&#8220;align_center&#8220; gutter_size=&#8220;4&#8243; overlay_alpha=&#8220;50&#8243; shift_x=&#8220;0&#8243; shift_y=&#8220;0&#8243; shift_y_down=&#8220;0&#8243; z_index=&#8220;0&#8243; medium_width=&#8220;0&#8243; mobile_width=&#8220;0&#8243; width=&#8220;1\/2&#8243; uncode_shortcode_id=&#8220;198422&#8243;][vc_row_inner row_inner_height_percent=&#8220;0&#8243; overlay_alpha=&#8220;50&#8243; gutter_size=&#8220;4&#8243; shift_y=&#8220;0&#8243; z_index=&#8220;0&#8243; limit_content=&#8220;&#8220; uncode_shortcode_id=&#8220;159005&#8243;][vc_column_inner column_width_percent=&#8220;100&#8243; gutter_size=&#8220;3&#8243; overlay_alpha=&#8220;50&#8243; shift_x=&#8220;0&#8243; shift_y=&#8220;0&#8243; shift_y_down=&#8220;0&#8243; z_index=&#8220;0&#8243; medium_width=&#8220;0&#8243; mobile_width=&#8220;0&#8243; width=&#8220;1\/1&#8243; uncode_shortcode_id=&#8220;187117&#8243;][vc_custom_heading heading_semantic=&#8220;h4&#8243; text_font=&#8220;font-161747&#8243; text_weight=&#8220;300&#8243; text_height=&#8220;fontheight-357766&#8243; text_space=&#8220;fontspace-111509&#8243; uncode_shortcode_id=&#8220;107865&#8243;]Der Bereich Forschung &amp; Entwicklung der SynCo-Gruppe entwickelt Materialtechnologien und -prozesse mit Schwerpunkt auf praktischen Anwendungen in der Industrie. Wir haben erkannt, dass Materialien wie Graphen, synthetischer Saphir, optisches Granat und Wasserstoffbrenner in vielen Bereichen hilfreich sein k\u00f6nnen. Wir konzentrieren uns auch auf die Schwachfeldelektronik. Wir kombinieren Fachwissen, Entwicklung, Tests und Kooperationen, um Ideen zur Pilotproduktion und zum kommerziellen Einsatz zu bringen.[\/vc_custom_heading][\/vc_column_inner][\/vc_row_inner][\/vc_column][vc_column column_width_percent=&#8220;100&#8243; gutter_size=&#8220;3&#8243; style=&#8220;dark&#8220; overlay_alpha=&#8220;50&#8243; shift_x=&#8220;0&#8243; shift_y=&#8220;0&#8243; shift_y_down=&#8220;0&#8243; z_index=&#8220;0&#8243; medium_visibility=&#8220;yes&#8220; medium_width=&#8220;0&#8243; mobile_visibility=&#8220;yes&#8220; mobile_width=&#8220;0&#8243; width=&#8220;1\/2&#8243; uncode_shortcode_id=&#8220;803921&#8243;][vc_single_image media=&#8220;161342&#8243; media_width_percent=&#8220;100&#8243; media_ratio=&#8220;five-four&#8220; shape=&#8220;img-round&#8220; radius=&#8220;lg&#8220; advanced=&#8220;yes&#8220; media_overlay_opacity=&#8220;50&#8243; media_overlay_anim=&#8220;no&#8220; media_text_anim=&#8220;no&#8220; media_image_anim=&#8220;scroll&#8220; media_image_scroll=&#8220;zoom&#8220; media_image_scroll_val=&#8220;6&#8243; media_padding=&#8220;2&#8243; uncode_shortcode_id=&#8220;198050&#8243;][\/vc_column][\/vc_row][vc_row unlock_row_content=&#8220;yes&#8220; row_height_percent=&#8220;0&#8243; override_padding=&#8220;yes&#8220; h_padding=&#8220;0&#8243; top_padding=&#8220;4&#8243; bottom_padding=&#8220;5&#8243; overlay_alpha=&#8220;50&#8243; gutter_size=&#8220;3&#8243; column_width_percent=&#8220;100&#8243; shift_y=&#8220;0&#8243; z_index=&#8220;0&#8243; content_parallax=&#8220;0&#8243; uncode_shortcode_id=&#8220;104636&#8243; back_color_type=&#8220;uncode-solid&#8220; back_color_solid=&#8220;#ffffff&#8220;][vc_column column_width_percent=&#8220;100&#8243; position_vertical=&#8220;middle&#8220; align_horizontal=&#8220;align_center&#8220; gutter_size=&#8220;4&#8243; overlay_alpha=&#8220;50&#8243; shift_x=&#8220;0&#8243; shift_y=&#8220;0&#8243; shift_y_down=&#8220;0&#8243; z_index=&#8220;0&#8243; medium_width=&#8220;0&#8243; mobile_width=&#8220;0&#8243; width=&#8220;1\/1&#8243; uncode_shortcode_id=&#8220;634685&#8243;][vc_empty_space empty_h=&#8220;1&#8243;][vc_custom_heading heading_semantic=&#8220;h3&#8243; text_font=&#8220;font-161747&#8243; text_size=&#8220;fontsize-210105&#8243; text_weight=&#8220;300&#8243; text_space=&#8220;fontspace-111509&#8243; uncode_shortcode_id=&#8220;959080&#8243;]Entdecken Sie unsere Entwicklungsabteilung[\/vc_custom_heading][vc_gallery el_id=&#8220;gallery-213396&#8243; type=&#8220;linear&#8220; medias=&#8220;161224,161223,161225,161186&#8243; gutter_size=&#8220;6&#8243; linear_width=&#8220;clamp(100px, 24vw, 200px)&#8220; linear_speed=&#8220;0&#8243; linear_hover=&#8220;yes&#8220; draggable=&#8220;yes&#8220; marquee_freeze=&#8220;yes&#8220; media_items=&#8220;media|custom_link|original&#8220; single_overlay_opacity=&#8220;1&#8243; single_overlay_anim=&#8220;no&#8220; single_text_anim=&#8220;no&#8220; single_image_coloration=&#8220;desaturated&#8220; single_image_color_anim=&#8220;yes&#8220; single_padding=&#8220;2&#8243; single_border=&#8220;yes&#8220; uncode_shortcode_id=&#8220;203565&#8243; single_link=&#8220;url:%23&#8243; items=&#8220;eyIxNTkyNTFfaSI6eyJzaW5nbGVfb3ZlcmxheV9jb2xvciI6IiIsInNpbmdsZV9pbWFnZV9jb2xvcmF0aW9uIjoiZGVzYXR1cmF0ZWQiLCJzaW5nbGVfbGluayI6InVybDpodHRwczovL2V1cm93aW5kZW5lcmd5LmNvbS98dGFyZ2V0Ol9ibGFuayIsInNpbmdsZV9vdmVybGF5X2FuaW0iOiJ5ZXMifSwiMTU5MjUwX2kiOnsic2luZ2xlX2ltYWdlX2NvbG9yYXRpb24iOiJkZXNhdHVyYXRlZCJ9LCIxNTkyNzJfaSI6eyJzaW5nbGVfaW1hZ2VfY29sb3JhdGlvbiI6ImRlc2F0dXJhdGVkIiwic2luZ2xlX2xpbmsiOiJ1cmw6aHR0cHM6Ly93d3cuYXF1YXN0YXYuc2svfHRhcmdldDpfYmxhbmsifSwiMTU5MjczX2kiOnsic2luZ2xlX2ltYWdlX2NvbG9yYXRpb24iOiJkZXNhdHVyYXRlZCJ9LCIxNTkyNzRfaSI6eyJzaW5nbGVfaW1hZ2VfY29sb3JhdGlvbiI6ImRlc2F0dXJhdGVkIn0sIjE1OTI3NV9pIjp7InNpbmdsZV9pbWFnZV9jb2xvcmF0aW9uIjoiZGVzYXR1cmF0ZWQifSwiMTU5Mjc2X2kiOnsic2luZ2xlX2ltYWdlX2NvbG9yYXRpb24iOiJkZXNhdHVyYXRlZCJ9LCIxNTkyNzdfaSI6eyJzaW5nbGVfaW1hZ2VfY29sb3JhdGlvbiI6ImRlc2F0dXJhdGVkIn0sIjE1OTI3OF9pIjp7InNpbmdsZV9pbWFnZV9jb2xvcmF0aW9uIjoiZGVzYXR1cmF0ZWQifSwiMTU5Mjc5X2kiOnsic2luZ2xlX2ltYWdlX2NvbG9yYXRpb24iOiJkZXNhdHVyYXRlZCJ9LCIxNTkyODBfaSI6eyJzaW5nbGVfaW1hZ2VfY29sb3JhdGlvbiI6ImRlc2F0dXJhdGVkIn0sIjE1OTI4MV9pIjp7InNpbmdsZV9pbWFnZV9jb2xvcmF0aW9uIjoiZGVzYXR1cmF0ZWQifSwiMTU5MjgyX2kiOnsic2luZ2xlX2ltYWdlX2NvbG9yYXRpb24iOiJkZXNhdHVyYXRlZCIsInNpbmdsZV9saW5rIjoidXJsOmh0dHBzOi8vZW52aXJvbi1lY3Muc2svIiwic2luZ2xlX2xheW91dF9tZWRpYV9pdGVtcyI6Im1lZGlhfGxpZ2h0Ym94fG9yaWdpbmFsIiwic2luZ2xlX292ZXJsYXlfdmlzaWJsZSI6Im5vIiwic2luZ2xlX2ltYWdlX2NvbG9yX2FuaW0iOiJ5ZXMiLCJzaW5nbGVfaW1hZ2VfYW5pbSI6InllcyIsInNpbmdsZV9pY29uIjoiIiwic2luZ2xlX292ZXJsYXlfYW5pbSI6InllcyIsInNpbmdsZV9vdmVybGF5X29wYWNpdHkiOiIxIn19&#8243;][vc_empty_space empty_h=&#8220;2&#8243;][\/vc_column][\/vc_row][vc_row unlock_row_content=&#8220;yes&#8220; row_height_percent=&#8220;0&#8243; override_padding=&#8220;yes&#8220; h_padding=&#8220;7&#8243; top_padding=&#8220;1&#8243; bottom_padding=&#8220;5&#8243; overlay_alpha=&#8220;50&#8243; gutter_size=&#8220;3&#8243; column_width_percent=&#8220;100&#8243; shift_y=&#8220;0&#8243; z_index=&#8220;0&#8243; content_parallax=&#8220;0&#8243; uncode_shortcode_id=&#8220;962326&#8243;][vc_column column_width_percent=&#8220;100&#8243; gutter_size=&#8220;4&#8243; overlay_alpha=&#8220;50&#8243; shift_x=&#8220;0&#8243; shift_y=&#8220;0&#8243; shift_y_down=&#8220;0&#8243; z_index=&#8220;0&#8243; medium_width=&#8220;0&#8243; mobile_width=&#8220;0&#8243; width=&#8220;1\/1&#8243; uncode_shortcode_id=&#8220;730276&#8243;][vc_row_inner row_inner_height_percent=&#8220;0&#8243; overlay_alpha=&#8220;50&#8243; gutter_size=&#8220;3&#8243; shift_y=&#8220;0&#8243; z_index=&#8220;0&#8243; limit_content=&#8220;&#8220; uncode_shortcode_id=&#8220;193351&#8243;][vc_column_inner column_width_percent=&#8220;100&#8243; gutter_size=&#8220;3&#8243; overlay_alpha=&#8220;50&#8243; shift_x=&#8220;0&#8243; shift_y=&#8220;0&#8243; shift_y_down=&#8220;0&#8243; z_index=&#8220;0&#8243; medium_width=&#8220;0&#8243; mobile_width=&#8220;0&#8243; width=&#8220;9\/12&#8243; uncode_shortcode_id=&#8220;187117&#8243;][vc_custom_heading heading_semantic=&#8220;h3&#8243; text_font=&#8220;font-161747&#8243; text_size=&#8220;fontsize-210105&#8243; text_weight=&#8220;300&#8243; text_space=&#8220;fontspace-111509&#8243; uncode_shortcode_id=&#8220;163070&#8243;]Mit intelligenten Materialien die Zukunft gestalten[\/vc_custom_heading][\/vc_column_inner][vc_column_inner column_width_percent=&#8220;100&#8243; gutter_size=&#8220;3&#8243; overlay_alpha=&#8220;50&#8243; shift_x=&#8220;0&#8243; shift_y=&#8220;0&#8243; shift_y_down=&#8220;0&#8243; z_index=&#8220;0&#8243; medium_visibility=&#8220;yes&#8220; medium_width=&#8220;0&#8243; mobile_visibility=&#8220;yes&#8220; mobile_width=&#8220;0&#8243; width=&#8220;3\/12&#8243; uncode_shortcode_id=&#8220;839053&#8243;][\/vc_column_inner][\/vc_row_inner][vc_row_inner row_inner_height_percent=&#8220;0&#8243; overlay_alpha=&#8220;50&#8243; gutter_size=&#8220;4&#8243; shift_y=&#8220;0&#8243; z_index=&#8220;0&#8243; limit_content=&#8220;&#8220; uncode_shortcode_id=&#8220;870065&#8243;][vc_column_inner column_width_percent=&#8220;100&#8243; align_horizontal=&#8220;align_right&#8220; gutter_size=&#8220;3&#8243; overlay_alpha=&#8220;50&#8243; shift_x=&#8220;0&#8243; shift_y=&#8220;0&#8243; shift_y_down=&#8220;0&#8243; z_index=&#8220;0&#8243; medium_width=&#8220;0&#8243; mobile_width=&#8220;0&#8243; width=&#8220;1\/1&#8243; uncode_shortcode_id=&#8220;144795&#8243;][vc_separator sep_color=&#8220;&#8220; uncode_shortcode_id=&#8220;711625&#8243;][\/vc_column_inner][\/vc_row_inner][vc_row_inner row_inner_height_percent=&#8220;0&#8243; overlay_alpha=&#8220;50&#8243; gutter_size=&#8220;4&#8243; shift_y=&#8220;0&#8243; z_index=&#8220;0&#8243; limit_content=&#8220;&#8220; uncode_shortcode_id=&#8220;870065&#8243;][vc_column_inner column_width_percent=&#8220;100&#8243; gutter_size=&#8220;5&#8243; overlay_alpha=&#8220;50&#8243; shift_x=&#8220;0&#8243; shift_y=&#8220;0&#8243; shift_y_down=&#8220;0&#8243; z_index=&#8220;0&#8243; medium_width=&#8220;0&#8243; mobile_width=&#8220;0&#8243; width=&#8220;2\/12&#8243; uncode_shortcode_id=&#8220;659586&#8243;][vc_single_image media=&#8220;161343&#8243; media_width_use_pixel=&#8220;yes&#8220; uncode_shortcode_id=&#8220;196933&#8243; media_width_pixel=&#8220;80&#8243;][\/vc_column_inner][vc_column_inner width=&#8220;4\/12&#8243;][vc_custom_heading heading_semantic=&#8220;h3&#8243; text_font=&#8220;font-161747&#8243; text_size=&#8220;h1&#8243; text_weight=&#8220;300&#8243; text_height=&#8220;fontheight-357766&#8243; text_space=&#8220;fontspace-111509&#8243; uncode_shortcode_id=&#8220;592251&#8243;]Einkristallforschung[\/vc_custom_heading][\/vc_column_inner][vc_column_inner column_width_percent=&#8220;100&#8243; gutter_size=&#8220;3&#8243; overlay_alpha=&#8220;50&#8243; shift_x=&#8220;0&#8243; shift_y=&#8220;0&#8243; shift_y_down=&#8220;0&#8243; z_index=&#8220;0&#8243; medium_width=&#8220;0&#8243; mobile_width=&#8220;0&#8243; width=&#8220;6\/12&#8243; uncode_shortcode_id=&#8220;187117&#8243;][vc_custom_heading text_color=&#8220;color-wvjs&#8220; heading_semantic=&#8220;p&#8220; text_font=&#8220;font-161747&#8243; text_size=&#8220;h4&#8243; text_weight=&#8220;300&#8243; text_height=&#8220;fontheight-524109&#8243; text_space=&#8220;fontspace-111509&#8243; uncode_shortcode_id=&#8220;133210&#8243; text_color_type=&#8220;uncode-palette&#8220;]Das Know-how von Crystal Tech und AT Crystals in \u017dilina erm\u00f6glicht die Z\u00fcchtung von dotierten gro\u00dfdimensionalen Einkristallen mit Kontrolle ausgew\u00e4hlter Eigenschaften (z.B. Verunreinigungen, Versetzungen, Qualit\u00e4t der Kristallstruktur&#8230;).[\/vc_custom_heading][\/vc_column_inner][\/vc_row_inner][vc_separator sep_color=&#8220;&#8220; uncode_shortcode_id=&#8220;711625&#8243;][vc_row_inner row_inner_height_percent=&#8220;0&#8243; overlay_alpha=&#8220;50&#8243; gutter_size=&#8220;4&#8243; shift_y=&#8220;0&#8243; z_index=&#8220;0&#8243; limit_content=&#8220;&#8220; uncode_shortcode_id=&#8220;870065&#8243;][vc_column_inner column_width_percent=&#8220;100&#8243; gutter_size=&#8220;5&#8243; overlay_alpha=&#8220;50&#8243; shift_x=&#8220;0&#8243; shift_y=&#8220;0&#8243; shift_y_down=&#8220;0&#8243; z_index=&#8220;0&#8243; medium_width=&#8220;0&#8243; mobile_width=&#8220;0&#8243; width=&#8220;2\/12&#8243; uncode_shortcode_id=&#8220;659586&#8243;][vc_single_image media=&#8220;161344&#8243; media_width_use_pixel=&#8220;yes&#8220; uncode_shortcode_id=&#8220;185031&#8243; media_width_pixel=&#8220;80&#8243;][\/vc_column_inner][vc_column_inner width=&#8220;4\/12&#8243;][vc_custom_heading heading_semantic=&#8220;h3&#8243; text_font=&#8220;font-161747&#8243; text_size=&#8220;h1&#8243; text_weight=&#8220;300&#8243; text_height=&#8220;fontheight-357766&#8243; text_space=&#8220;fontspace-111509&#8243; uncode_shortcode_id=&#8220;187811&#8243;]Verwendung von Graphen[\/vc_custom_heading][\/vc_column_inner][vc_column_inner column_width_percent=&#8220;100&#8243; gutter_size=&#8220;3&#8243; overlay_alpha=&#8220;50&#8243; shift_x=&#8220;0&#8243; shift_y=&#8220;0&#8243; shift_y_down=&#8220;0&#8243; z_index=&#8220;0&#8243; medium_width=&#8220;0&#8243; mobile_width=&#8220;0&#8243; width=&#8220;6\/12&#8243; uncode_shortcode_id=&#8220;187117&#8243;][vc_custom_heading text_color=&#8220;color-wvjs&#8220; heading_semantic=&#8220;p&#8220; text_font=&#8220;font-161747&#8243; text_size=&#8220;h4&#8243; text_weight=&#8220;300&#8243; text_height=&#8220;fontheight-524109&#8243; text_space=&#8220;fontspace-111509&#8243; uncode_shortcode_id=&#8220;129762&#8243; text_color_type=&#8220;uncode-palette&#8220;]GrafenTech nutzt eine einzigartige Art der Pyrolyse, um biobasiertes Graphen f\u00fcr Filter, Beschichtungen, leichte Verbundmaterialien und Batterieanoden zu verwenden.[\/vc_custom_heading][\/vc_column_inner][\/vc_row_inner][vc_separator sep_color=&#8220;&#8220; uncode_shortcode_id=&#8220;711625&#8243;][vc_row_inner row_inner_height_percent=&#8220;0&#8243; overlay_alpha=&#8220;50&#8243; gutter_size=&#8220;4&#8243; shift_y=&#8220;0&#8243; z_index=&#8220;0&#8243; limit_content=&#8220;&#8220; uncode_shortcode_id=&#8220;870065&#8243;][vc_column_inner column_width_percent=&#8220;100&#8243; gutter_size=&#8220;5&#8243; overlay_alpha=&#8220;50&#8243; shift_x=&#8220;0&#8243; shift_y=&#8220;0&#8243; shift_y_down=&#8220;0&#8243; z_index=&#8220;0&#8243; medium_width=&#8220;0&#8243; mobile_width=&#8220;0&#8243; width=&#8220;2\/12&#8243; uncode_shortcode_id=&#8220;659586&#8243;][vc_single_image media=&#8220;161345&#8243; media_width_use_pixel=&#8220;yes&#8220; uncode_shortcode_id=&#8220;128981&#8243; media_width_pixel=&#8220;80&#8243;][\/vc_column_inner][vc_column_inner width=&#8220;4\/12&#8243;][vc_custom_heading heading_semantic=&#8220;h3&#8243; text_font=&#8220;font-161747&#8243; text_size=&#8220;h1&#8243; text_weight=&#8220;300&#8243; text_height=&#8220;fontheight-357766&#8243; text_space=&#8220;fontspace-111509&#8243; uncode_shortcode_id=&#8220;119689&#8243;]Mikroelektronik f\u00fcr Batterien[\/vc_custom_heading][\/vc_column_inner][vc_column_inner column_width_percent=&#8220;100&#8243; gutter_size=&#8220;3&#8243; overlay_alpha=&#8220;50&#8243; shift_x=&#8220;0&#8243; shift_y=&#8220;0&#8243; shift_y_down=&#8220;0&#8243; z_index=&#8220;0&#8243; medium_width=&#8220;0&#8243; mobile_width=&#8220;0&#8243; width=&#8220;6\/12&#8243; uncode_shortcode_id=&#8220;187117&#8243;][vc_custom_heading text_color=&#8220;color-wvjs&#8220; heading_semantic=&#8220;p&#8220; text_font=&#8220;font-161747&#8243; text_size=&#8220;h4&#8243; text_weight=&#8220;300&#8243; text_height=&#8220;fontheight-524109&#8243; text_space=&#8220;fontspace-111509&#8243; uncode_shortcode_id=&#8220;107219&#8243; text_color_type=&#8220;uncode-palette&#8220;]In internationaler Zusammenarbeit mit einer Tochtergesellschaft in Serbien entwickeln wir innovative Schaltungen zur Optimierung von Batteriespeichern und zur Erh\u00f6hung ihrer Kapazit\u00e4t.[\/vc_custom_heading][\/vc_column_inner][\/vc_row_inner][vc_separator sep_color=&#8220;&#8220; uncode_shortcode_id=&#8220;711625&#8243;][vc_row_inner row_inner_height_percent=&#8220;0&#8243; overlay_alpha=&#8220;50&#8243; gutter_size=&#8220;4&#8243; shift_y=&#8220;0&#8243; z_index=&#8220;0&#8243; limit_content=&#8220;&#8220; uncode_shortcode_id=&#8220;870065&#8243;][vc_column_inner column_width_percent=&#8220;100&#8243; gutter_size=&#8220;5&#8243; overlay_alpha=&#8220;50&#8243; shift_x=&#8220;0&#8243; shift_y=&#8220;0&#8243; shift_y_down=&#8220;0&#8243; z_index=&#8220;0&#8243; medium_width=&#8220;0&#8243; mobile_width=&#8220;0&#8243; width=&#8220;2\/12&#8243; uncode_shortcode_id=&#8220;659586&#8243;][vc_single_image media=&#8220;161346&#8243; media_width_use_pixel=&#8220;yes&#8220; uncode_shortcode_id=&#8220;519465&#8243; media_width_pixel=&#8220;80&#8243;][\/vc_column_inner][vc_column_inner width=&#8220;4\/12&#8243;][vc_custom_heading heading_semantic=&#8220;h3&#8243; text_font=&#8220;font-161747&#8243; text_size=&#8220;h1&#8243; text_weight=&#8220;300&#8243; text_height=&#8220;fontheight-357766&#8243; text_space=&#8220;fontspace-111509&#8243; uncode_shortcode_id=&#8220;182306&#8243;]Abfallbehandlung[\/vc_custom_heading][\/vc_column_inner][vc_column_inner column_width_percent=&#8220;100&#8243; gutter_size=&#8220;3&#8243; overlay_alpha=&#8220;50&#8243; shift_x=&#8220;0&#8243; shift_y=&#8220;0&#8243; shift_y_down=&#8220;0&#8243; z_index=&#8220;0&#8243; medium_width=&#8220;0&#8243; mobile_width=&#8220;0&#8243; width=&#8220;6\/12&#8243; uncode_shortcode_id=&#8220;187117&#8243;][vc_custom_heading text_color=&#8220;color-wvjs&#8220; heading_semantic=&#8220;p&#8220; text_font=&#8220;font-161747&#8243; text_size=&#8220;h4&#8243; text_weight=&#8220;300&#8243; text_height=&#8220;fontheight-524109&#8243; text_space=&#8220;fontspace-111509&#8243; uncode_shortcode_id=&#8220;573786&#8243; text_color_type=&#8220;uncode-palette&#8220;]Wir entwickeln einen Zyklonofen und einen Wasserstoff-Tauchbrenner f\u00fcr die Entsorgung von schweren Abf\u00e4llen und Aerosolen.[\/vc_custom_heading][\/vc_column_inner][\/vc_row_inner][\/vc_column][\/vc_row][vc_row row_height_percent=&#8220;0&#8243; override_padding=&#8220;yes&#8220; h_padding=&#8220;2&#8243; top_padding=&#8220;5&#8243; bottom_padding=&#8220;0&#8243; overlay_alpha=&#8220;50&#8243; gutter_size=&#8220;3&#8243; column_width_percent=&#8220;100&#8243; shift_y=&#8220;0&#8243; z_index=&#8220;0&#8243; css_animation=&#8220;scroll-trigger&#8220; animation_scale_val=&#8220;100&#8243; animation_opacity=&#8220;100&#8243; animation_x=&#8220;-35&#8243; animation_y=&#8220;0&#8243; animation_blur=&#8220;0&#8243; animation_perspective=&#8220;0&#8243; animation_offset_top=&#8220;100&#8243; animation_offset_bottom=&#8220;200&#8243; content_parallax=&#8220;0&#8243; uncode_shortcode_id=&#8220;572685&#8243;][vc_column column_width_percent=&#8220;100&#8243; position_vertical=&#8220;middle&#8220; align_horizontal=&#8220;align_center&#8220; gutter_size=&#8220;4&#8243; overlay_alpha=&#8220;50&#8243; shift_x=&#8220;0&#8243; shift_y=&#8220;0&#8243; shift_y_down=&#8220;0&#8243; z_index=&#8220;0&#8243; medium_width=&#8220;0&#8243; mobile_width=&#8220;0&#8243; width=&#8220;1\/1&#8243; uncode_shortcode_id=&#8220;397149&#8243;][vc_gallery el_id=&#8220;gallery-186704&#8243; type=&#8220;carousel&#8220; medias=&#8220;161250,161347,161348,161350,161352,161353,161354&#8243; carousel_lg=&#8220;2&#8243; carousel_md=&#8220;2&#8243; carousel_sm=&#8220;1&#8243; thumb_size=&#8220;three-two&#8220; gutter_size=&#8220;2&#8243; media_items=&#8220;media|nolink|original,icon&#8220; carousel_interval=&#8220;0&#8243; carousel_navspeed=&#8220;400&#8243; carousel_loop=&#8220;yes&#8220; carousel_overflow=&#8220;yes&#8220; stage_padding=&#8220;0&#8243; single_shape=&#8220;round&#8220; radius=&#8220;lg&#8220; single_overlay_opacity=&#8220;50&#8243; single_overlay_anim=&#8220;no&#8220; single_text_anim=&#8220;no&#8220; single_image_anim=&#8220;no&#8220; single_padding=&#8220;2&#8243; single_border=&#8220;yes&#8220; custom_cursor=&#8220;blur&#8220; cursor_title=&#8220;yes&#8220; hide_cursor_bg=&#8220;yes&#8220; uncode_shortcode_id=&#8220;515110&#8243; custom_tooltip=&#8220;DRAG&#8220; tooltip_class=&#8220;h6 fontheight-357766 font-787672&#8243;][\/vc_column][\/vc_row][vc_row][vc_column width=&#8220;1\/1&#8243;][vc_empty_space empty_h=&#8220;4&#8243;][\/vc_column][\/vc_row]<\/p>\n<\/div>","protected":false},"excerpt":{"rendered":"<p>[vc_row unlock_row_content=&#8220;yes&#8220; row_height_percent=&#8220;0&#8243; override_padding=&#8220;yes&#8220; h_padding=&#8220;7&#8243; top_padding=&#8220;7&#8243; bottom_padding=&#8220;7&#8243; back_image=&#8220;160411&#8243; back_attachment=&#8220;inherit&#8220; back_position=&#8220;center top&#8220; overlay_alpha=&#8220;75&#8243; overlay_color_blend=&#8220;multiply&#8220; overlay_animated=&#8220;yes&#8220; overlay_animated_size=&#8220;0.7&#8243; gutter_size=&#8220;3&#8243; column_width_percent=&#8220;100&#8243; shift_y=&#8220;0&#8243; z_index=&#8220;0&#8243; bottom_divider=&#8220;gradient&#8220; [&hellip;]<\/p>\n","protected":false},"author":1,"featured_media":0,"parent":0,"menu_order":0,"comment_status":"closed","ping_status":"closed","template":"","meta":{"footnotes":""},"class_list":["post-161356","page","type-page","status-publish","hentry"],"_links":{"self":[{"href":"https:\/\/synco.smartbase.sk\/de\/wp-json\/wp\/v2\/pages\/161356","targetHints":{"allow":["GET"]}}],"collection":[{"href":"https:\/\/synco.smartbase.sk\/de\/wp-json\/wp\/v2\/pages"}],"about":[{"href":"https:\/\/synco.smartbase.sk\/de\/wp-json\/wp\/v2\/types\/page"}],"author":[{"embeddable":true,"href":"https:\/\/synco.smartbase.sk\/de\/wp-json\/wp\/v2\/users\/1"}],"replies":[{"embeddable":true,"href":"https:\/\/synco.smartbase.sk\/de\/wp-json\/wp\/v2\/comments?post=161356"}],"version-history":[{"count":3,"href":"https:\/\/synco.smartbase.sk\/de\/wp-json\/wp\/v2\/pages\/161356\/revisions"}],"predecessor-version":[{"id":161361,"href":"https:\/\/synco.smartbase.sk\/de\/wp-json\/wp\/v2\/pages\/161356\/revisions\/161361"}],"wp:attachment":[{"href":"https:\/\/synco.smartbase.sk\/de\/wp-json\/wp\/v2\/media?parent=161356"}],"curies":[{"name":"wp","href":"https:\/\/api.w.org\/{rel}","templated":true}]}}